{"id":92,"date":"2025-07-15T14:57:19","date_gmt":"2025-07-15T14:57:19","guid":{"rendered":"https:\/\/capdana-store.com\/?page_id=92"},"modified":"2025-07-24T22:19:05","modified_gmt":"2025-07-24T22:19:05","slug":"home","status":"publish","type":"page","link":"https:\/\/capdana-store.com\/ar\/","title":{"rendered":"\u0627\u0644\u0631\u0626\u064a\u0633\u064a\u0629"},"content":{"rendered":"<div class=\"wp-block-cover alignfull is-light has-accent-1-color has-text-color has-link-color wp-elements-d6220a50589182780e8b4ccbcd80bdd0\" style=\"margin-top:0;margin-bottom:0;padding-top:200px;padding-right:var(--wp--preset--spacing--50);padding-bottom:200px;padding-left:var(--wp--preset--spacing--50);min-height:100vh;aspect-ratio:unset;\"><img loading=\"lazy\" decoding=\"async\" width=\"2048\" height=\"1126\" class=\"wp-block-cover__image-background wp-image-192 size-full\" alt=\"\" src=\"https:\/\/capdana-store.com\/wp-content\/uploads\/2025\/07\/Brimdana_24-1-1.png\" style=\"object-position:50% 47%\" data-object-fit=\"cover\" data-object-position=\"50% 47%\" srcset=\"https:\/\/capdana-store.com\/wp-content\/uploads\/2025\/07\/Brimdana_24-1-1.png 2048w, https:\/\/capdana-store.com\/wp-content\/uploads\/2025\/07\/Brimdana_24-1-1-300x165.png 300w, https:\/\/capdana-store.com\/wp-content\/uploads\/2025\/07\/Brimdana_24-1-1-1024x563.png 1024w, https:\/\/capdana-store.com\/wp-content\/uploads\/2025\/07\/Brimdana_24-1-1-768x422.png 768w, https:\/\/capdana-store.com\/wp-content\/uploads\/2025\/07\/Brimdana_24-1-1-1536x845.png 1536w, https:\/\/capdana-store.com\/wp-content\/uploads\/2025\/07\/Brimdana_24-1-1-600x330.png 600w\" sizes=\"auto, (max-width: 2048px) 100vw, 2048px\" \/><span aria-hidden=\"true\" class=\"wp-block-cover__background has-background-dim-20 has-background-dim\" style=\"background-color:#f6d9b7\"><\/span><div class=\"wp-block-cover__inner-container has-global-padding is-layout-constrained wp-container-core-cover-is-layout-41b4ed18 wp-block-cover-is-layout-constrained\">\n<p><\/p>\n<\/div><\/div>\n\n\n\n<p class=\"has-text-align-center has-fira-code-font-family\" style=\"font-size:clamp(22.041px, 1.378rem + ((1vw - 3.2px) * 1.369), 36px);\"><strong>\u0645\u0627\u0634\u064a \u063a\u064a\u0631 \u0643\u0627\u0633\u0643\u064a\u0637\u0629<\/strong><\/p>\n\n\n\n<p class=\"has-text-align-center has-fira-code-font-family\" style=\"font-size:clamp(22.041px, 1.378rem + ((1vw - 3.2px) * 1.369), 36px);\">\u0633\u062a\u0627\u064a\u0644 \u0648 \u0625\u062d\u0633\u0627\u0633 \u064a\u0639\u0643\u0633\u0643.<br>\u0644\u0644\u0651\u064a \u0633\u062a\u0627\u064a\u0644\u0647\u0645 \u0645\u062a\u0645\u064a\u0632 \u0645\u0627 \u064a\u0634\u0628\u0647 \u0644\u062d\u062a\u0649 \u0648\u0627\u062d\u062f<\/p>\n\n\n\n\n\n<div class=\"wp-block-group alignwide has-background has-global-padding is-layout-constrained wp-container-core-group-is-layout-7c37d1e3 wp-block-group-is-layout-constrained\" style=\"background-color:#dda15e;margin-top:0px;margin-bottom:80px;padding-top:0;padding-right:var(--wp--preset--spacing--30);padding-bottom:0;padding-left:var(--wp--preset--spacing--30)\"><\/div>\n\n\n<div data-block-name=\"woocommerce\/product-categories\" data-has-empty=\"true\" data-has-image=\"true\" class=\"wp-block-woocommerce-product-categories wc-block-product-categories is-list gate-produit\" style=\"\"><ul class=\"wc-block-product-categories-list wc-block-product-categories-list--depth-0 wc-block-product-categories-list--has-images\">\t\t\t\t<li class=\"wc-block-product-categories-list-item\">\t\t\t\t\t<a style=\"\" href=\"https:\/\/capdana-store.com\/ar\/product-category\/black\/\"><span class=\"wc-block-product-categories-list-item__image\"><img loading=\"lazy\" decoding=\"async\" width=\"300\" height=\"225\" src=\"https:\/\/capdana-store.com\/wp-content\/uploads\/2025\/07\/IMG_20250714_170743_Bokeh-scaled-e1752848508559-300x225.jpg\" class=\"attachment-woocommerce_thumbnail size-woocommerce_thumbnail\" alt=\"\" \/><\/span><span class=\"wc-block-product-categories-list-item__name\">black<\/span><\/a><span class=\"wc-block-product-categories-list-item-count\"><span aria-hidden=\"true\">7<\/span><span class=\"screen-reader-text\" data-no-translation=\"\" data-trp-gettext=\"\">7 \u0645\u0646\u062a\u062c\u0627\u062a<\/span><\/span>\t\t\t\t<\/li>\t\t\t\t\t\t\t<li class=\"wc-block-product-categories-list-item\">\t\t\t\t\t<a style=\"\" href=\"https:\/\/capdana-store.com\/ar\/product-category\/blu\/\"><span class=\"wc-block-product-categories-list-item__image\"><img loading=\"lazy\" decoding=\"async\" width=\"300\" height=\"225\" src=\"https:\/\/capdana-store.com\/wp-content\/uploads\/2025\/07\/IMG_20250718_014901_Bokeh-300x225.jpg\" class=\"attachment-woocommerce_thumbnail size-woocommerce_thumbnail\" alt=\"\" \/><\/span><span class=\"wc-block-product-categories-list-item__name\">blue<\/span><\/a><span class=\"wc-block-product-categories-list-item-count\"><span aria-hidden=\"true\">0<\/span><span class=\"screen-reader-text\" data-no-translation=\"\" data-trp-gettext=\"\">0 \u0645\u0646\u062a\u062c<\/span><\/span>\t\t\t\t<\/li>\t\t\t\t\t\t\t<li class=\"wc-block-product-categories-list-item\">\t\t\t\t\t<a style=\"\" href=\"https:\/\/capdana-store.com\/ar\/product-category\/garnet\/\"><span class=\"wc-block-product-categories-list-item__image\"><img loading=\"lazy\" decoding=\"async\" width=\"300\" height=\"225\" src=\"https:\/\/capdana-store.com\/wp-content\/uploads\/2025\/07\/IMG_20250714_172143_Bokeh-300x225.jpg\" class=\"attachment-woocommerce_thumbnail size-woocommerce_thumbnail\" alt=\"\" \/><\/span><span class=\"wc-block-product-categories-list-item__name\">garnet<\/span><\/a><span class=\"wc-block-product-categories-list-item-count\"><span aria-hidden=\"true\">0<\/span><span class=\"screen-reader-text\" data-no-translation=\"\" data-trp-gettext=\"\">0 \u0645\u0646\u062a\u062c<\/span><\/span>\t\t\t\t<\/li>\t\t\t\t\t\t\t<li class=\"wc-block-product-categories-list-item\">\t\t\t\t\t<a style=\"\" href=\"https:\/\/capdana-store.com\/ar\/product-category\/purple\/\"><span class=\"wc-block-product-categories-list-item__image\"><img loading=\"lazy\" decoding=\"async\" width=\"300\" height=\"225\" src=\"https:\/\/capdana-store.com\/wp-content\/uploads\/2025\/07\/IMG_20250714_174340_Bokeh-300x225.jpg\" class=\"attachment-woocommerce_thumbnail size-woocommerce_thumbnail\" alt=\"\" \/><\/span><span class=\"wc-block-product-categories-list-item__name\">purple<\/span><\/a><span class=\"wc-block-product-categories-list-item-count\"><span aria-hidden=\"true\">0<\/span><span class=\"screen-reader-text\" data-no-translation=\"\" data-trp-gettext=\"\">0 \u0645\u0646\u062a\u062c<\/span><\/span>\t\t\t\t<\/li>\t\t\t\t\t\t\t<li class=\"wc-block-product-categories-list-item\">\t\t\t\t\t<a style=\"\" href=\"https:\/\/capdana-store.com\/ar\/product-category\/red\/\"><span class=\"wc-block-product-categories-list-item__image\"><img loading=\"lazy\" decoding=\"async\" width=\"300\" height=\"225\" src=\"https:\/\/capdana-store.com\/wp-content\/uploads\/2025\/07\/IMG_20250714_175133_Bokeh-300x225.jpg\" class=\"attachment-woocommerce_thumbnail size-woocommerce_thumbnail\" alt=\"\" \/><\/span><span class=\"wc-block-product-categories-list-item__name\">red<\/span><\/a><span class=\"wc-block-product-categories-list-item-count\"><span aria-hidden=\"true\">2<\/span><span class=\"screen-reader-text\" data-no-translation=\"\" data-trp-gettext=\"\">2 \u0645\u0646\u062a\u062c\u0627\u062a<\/span><\/span>\t\t\t\t<\/li>\t\t\t\t\t\t\t<li class=\"wc-block-product-categories-list-item\">\t\t\t\t\t<a style=\"\" href=\"https:\/\/capdana-store.com\/ar\/product-category\/white\/\"><span class=\"wc-block-product-categories-list-item__image\"><img loading=\"lazy\" decoding=\"async\" width=\"300\" height=\"225\" src=\"https:\/\/capdana-store.com\/wp-content\/uploads\/2025\/07\/IMG_20250714_170034_Bokeh-300x225.jpg\" class=\"attachment-woocommerce_thumbnail size-woocommerce_thumbnail\" alt=\"\" \/><\/span><span class=\"wc-block-product-categories-list-item__name\">white<\/span><\/a><span class=\"wc-block-product-categories-list-item-count\"><span aria-hidden=\"true\">0<\/span><span class=\"screen-reader-text\" data-no-translation=\"\" data-trp-gettext=\"\">0 \u0645\u0646\u062a\u062c<\/span><\/span>\t\t\t\t<\/li>\t\t\t<\/ul><\/div>\n\n\n<p class=\"has-xx-large-font-size\">\u0643\u064a\u0641\u0627\u0634 \u062a\u0644\u0628\u0633  Capdana:<\/p>\n\n\n\n<div style=\"display: flex; justify-content: center;\">\n  <video \n    playsinline loop controls\n preload=\"auto\" \n   \n    style=\"width: 100%; max-width: 600px; height: auto; object-fit: cover;\"\n  >\n    <source src=\"https:\/\/capdana-store.com\/wp-content\/uploads\/2025\/07\/lv_0_20250720212028-1.mp4\" type=\"video\/mp4\" \/>\n    Votre navigateur ne supporte pas la vid\u00e9o.\n  <\/video>\n<\/div>\n\n\n\n<div class=\"wp-block-columns is-not-stacked-on-mobile full-screen gallry is-layout-flex wp-container-core-columns-is-layout-28232c24 wp-block-columns-is-layout-flex\">\n<div class=\"wp-block-column relative is-layout-flow wp-block-column-is-layout-flow\" style=\"padding-top:0;padding-right:0;padding-bottom:0;padding-left:0;flex-basis:33.33%\">\n<figure class=\"wp-block-image size-large\" style=\"margin-top:0px;margin-right:0;margin-bottom:0px;margin-left:0\"><img loading=\"lazy\" decoding=\"async\" width=\"768\" height=\"1024\" src=\"https:\/\/capdana-store.com\/wp-content\/uploads\/2025\/07\/IMG-20250715-WA0003-768x1024.jpg\" alt=\"\" class=\"wp-image-206\" srcset=\"https:\/\/capdana-store.com\/wp-content\/uploads\/2025\/07\/IMG-20250715-WA0003-768x1024.jpg 768w, https:\/\/capdana-store.com\/wp-content\/uploads\/2025\/07\/IMG-20250715-WA0003-225x300.jpg 225w, https:\/\/capdana-store.com\/wp-content\/uploads\/2025\/07\/IMG-20250715-WA0003-1152x1536.jpg 1152w, https:\/\/capdana-store.com\/wp-content\/uploads\/2025\/07\/IMG-20250715-WA0003-1536x2048.jpg 1536w, https:\/\/capdana-store.com\/wp-content\/uploads\/2025\/07\/IMG-20250715-WA0003-600x800.jpg 600w, https:\/\/capdana-store.com\/wp-content\/uploads\/2025\/07\/IMG-20250715-WA0003-scaled.jpg 1920w\" sizes=\"auto, (max-width: 768px) 100vw, 768px\" \/><\/figure>\n\n\n\n<figure class=\"wp-block-image size-large bottom\" style=\"margin-top:0;margin-right:0;margin-bottom:0;margin-left:0\"><img loading=\"lazy\" decoding=\"async\" width=\"768\" height=\"1024\" src=\"https:\/\/capdana-store.com\/wp-content\/uploads\/2025\/07\/IMG-20250715-WA0438-768x1024.jpg\" alt=\"\" class=\"wp-image-207\" srcset=\"https:\/\/capdana-store.com\/wp-content\/uploads\/2025\/07\/IMG-20250715-WA0438-768x1024.jpg 768w, https:\/\/capdana-store.com\/wp-content\/uploads\/2025\/07\/IMG-20250715-WA0438-225x300.jpg 225w, https:\/\/capdana-store.com\/wp-content\/uploads\/2025\/07\/IMG-20250715-WA0438-1152x1536.jpg 1152w, https:\/\/capdana-store.com\/wp-content\/uploads\/2025\/07\/IMG-20250715-WA0438-1536x2048.jpg 1536w, https:\/\/capdana-store.com\/wp-content\/uploads\/2025\/07\/IMG-20250715-WA0438-600x800.jpg 600w, https:\/\/capdana-store.com\/wp-content\/uploads\/2025\/07\/IMG-20250715-WA0438-scaled.jpg 1920w\" sizes=\"auto, (max-width: 768px) 100vw, 768px\" \/><\/figure>\n<\/div>\n\n\n\n<div class=\"wp-block-column is-layout-flow wp-container-core-column-is-layout-f016c79b wp-block-column-is-layout-flow\" style=\"padding-top:0;padding-right:0;padding-bottom:0;padding-left:0;flex-basis:66.66%\">\n<figure class=\"wp-block-image size-large is-resized full-height\"><img loading=\"lazy\" decoding=\"async\" width=\"768\" height=\"1024\" src=\"https:\/\/capdana-store.com\/wp-content\/uploads\/2025\/07\/IMG_20250717_174201-768x1024.jpg\" alt=\"\" class=\"wp-image-222\" style=\"width:396px;height:auto\" srcset=\"https:\/\/capdana-store.com\/wp-content\/uploads\/2025\/07\/IMG_20250717_174201-768x1024.jpg 768w, https:\/\/capdana-store.com\/wp-content\/uploads\/2025\/07\/IMG_20250717_174201-225x300.jpg 225w, https:\/\/capdana-store.com\/wp-content\/uploads\/2025\/07\/IMG_20250717_174201-1152x1536.jpg 1152w, https:\/\/capdana-store.com\/wp-content\/uploads\/2025\/07\/IMG_20250717_174201-1536x2048.jpg 1536w, https:\/\/capdana-store.com\/wp-content\/uploads\/2025\/07\/IMG_20250717_174201-600x800.jpg 600w, https:\/\/capdana-store.com\/wp-content\/uploads\/2025\/07\/IMG_20250717_174201-scaled.jpg 1920w\" sizes=\"auto, (max-width: 768px) 100vw, 768px\" \/><\/figure>\n<\/div>\n<\/div>\n\n\n\n<p><\/p>\n\n\n\n<div class=\"wp-block-columns full-screen is-layout-flex wp-container-core-columns-is-layout-44590b80 wp-block-columns-is-layout-flex\" style=\"margin-top:0;margin-bottom:0;padding-top:0;padding-bottom:0\">\n<div class=\"wp-block-column is-layout-flow wp-block-column-is-layout-flow\">\n<figure class=\"wp-block-image size-large\"><img loading=\"lazy\" decoding=\"async\" width=\"768\" height=\"1024\" src=\"https:\/\/capdana-store.com\/wp-content\/uploads\/2025\/07\/IMG-20250715-WA0020-768x1024.jpg\" alt=\"\" class=\"wp-image-212\" style=\"aspect-ratio:1;object-fit:cover\" srcset=\"https:\/\/capdana-store.com\/wp-content\/uploads\/2025\/07\/IMG-20250715-WA0020-768x1024.jpg 768w, https:\/\/capdana-store.com\/wp-content\/uploads\/2025\/07\/IMG-20250715-WA0020-225x300.jpg 225w, https:\/\/capdana-store.com\/wp-content\/uploads\/2025\/07\/IMG-20250715-WA0020-1152x1536.jpg 1152w, https:\/\/capdana-store.com\/wp-content\/uploads\/2025\/07\/IMG-20250715-WA0020-1536x2048.jpg 1536w, https:\/\/capdana-store.com\/wp-content\/uploads\/2025\/07\/IMG-20250715-WA0020-600x800.jpg 600w, https:\/\/capdana-store.com\/wp-content\/uploads\/2025\/07\/IMG-20250715-WA0020-scaled.jpg 1920w\" sizes=\"auto, (max-width: 768px) 100vw, 768px\" \/><\/figure>\n<\/div>\n\n\n\n<div class=\"wp-block-column verticale-centre is-layout-flow wp-container-core-column-is-layout-2f5bc426 wp-block-column-is-layout-flow\" style=\"padding-top:0;padding-right:0;padding-bottom:0;padding-left:0\">\n<p class=\"has-fira-code-font-family has-xx-large-font-size\"><strong>?Capdana<\/strong><\/p>\n\n\n\n<p class=\"has-medium-font-size\">\u0623\u0643\u0633\u0633\u0648\u0627\u0631 \u0641\u0631\u064a\u062f \u0645\u0646 \u0646\u0648\u0639\u0648\u060c \u0628\u064a\u0646 \u0627\u0644\u0628\u0627\u0646\u062f\u0627\u0646\u0629 \u0648 \u0627\u0644\u0643\u0627\u0633\u0643\u064a\u0637\u0629\u060c \u0648 \u0628\u0627\u0644\u0644\u0648\u0643 \u0627\u0644\u062e\u0641\u064a\u0641 \u0628\u0642\u0645\u0627\u0634 \u062e\u0641\u064a\u0641 \u0648 \u0645\u0631\u064a\u062d.<br>\u062a\u0632\u064a\u062f\u0643 \u0633\u062a\u0627\u064a\u0644 \u0648 \u062a\u062d\u0645\u064a\u0643 \u0645\u0646 \u0627\u0644\u0634\u0645\u0633<\/p>\n<\/div>\n<\/div>\n\n\n\n<div class=\"wp-block-columns full-screen reverse is-layout-flex wp-container-core-columns-is-layout-9c22b1e3 wp-block-columns-is-layout-flex\">\n<div class=\"wp-block-column verticale-centre is-layout-flow wp-block-column-is-layout-flow\" style=\"padding-top:var(--wp--preset--spacing--70);padding-bottom:var(--wp--preset--spacing--70)\">\n<p class=\"has-fira-code-font-family has-xx-large-font-size\"><strong>\u0634\u0643\u0648\u0646 \u062d\u0646\u0627\u061f<\/strong><\/p>\n\n\n\n<p>\u0646\u062e\u062f\u0645\u0648 \u0623\u0643\u0633\u0633\u0648\u0627\u0631\u0627\u062a \u0641\u064a\u0647\u0627 \u0644\u0645\u0633\u0629 \u062c\u062f\u064a\u062f\u0629\u060c \u0633\u062a\u0627\u064a\u0644\u060c \u0631\u0627\u062d\u0629 \u0648 \u0645\u0628\u062a\u0643\u0631\u0629.<\/p>\n<\/div>\n\n\n\n<div class=\"wp-block-column is-layout-flow wp-block-column-is-layout-flow\">\n<figure class=\"wp-block-image size-large\"><img loading=\"lazy\" decoding=\"async\" width=\"768\" height=\"1024\" src=\"https:\/\/capdana-store.com\/wp-content\/uploads\/2025\/07\/IMG-20250715-WA0213-768x1024.jpg\" alt=\"\" class=\"wp-image-205\" srcset=\"https:\/\/capdana-store.com\/wp-content\/uploads\/2025\/07\/IMG-20250715-WA0213-768x1024.jpg 768w, https:\/\/capdana-store.com\/wp-content\/uploads\/2025\/07\/IMG-20250715-WA0213-225x300.jpg 225w, https:\/\/capdana-store.com\/wp-content\/uploads\/2025\/07\/IMG-20250715-WA0213-1152x1536.jpg 1152w, https:\/\/capdana-store.com\/wp-content\/uploads\/2025\/07\/IMG-20250715-WA0213-1536x2048.jpg 1536w, https:\/\/capdana-store.com\/wp-content\/uploads\/2025\/07\/IMG-20250715-WA0213-600x800.jpg 600w, https:\/\/capdana-store.com\/wp-content\/uploads\/2025\/07\/IMG-20250715-WA0213-scaled.jpg 1920w\" sizes=\"auto, (max-width: 768px) 100vw, 768px\" \/><\/figure>\n<\/div>\n<\/div>\n\n\n\n<div class=\"wp-block-columns full-screen is-layout-flex wp-container-core-columns-is-layout-28f84493 wp-block-columns-is-layout-flex\">\n<div class=\"wp-block-column is-layout-flow wp-block-column-is-layout-flow\">\n<figure class=\"wp-block-image size-large\"><img loading=\"lazy\" decoding=\"async\" width=\"768\" height=\"1024\" src=\"https:\/\/capdana-store.com\/wp-content\/uploads\/2025\/07\/IMG-20250715-WA0288-768x1024.jpg\" alt=\"\" class=\"wp-image-245\" srcset=\"https:\/\/capdana-store.com\/wp-content\/uploads\/2025\/07\/IMG-20250715-WA0288-768x1024.jpg 768w, https:\/\/capdana-store.com\/wp-content\/uploads\/2025\/07\/IMG-20250715-WA0288-225x300.jpg 225w, https:\/\/capdana-store.com\/wp-content\/uploads\/2025\/07\/IMG-20250715-WA0288-1152x1536.jpg 1152w, https:\/\/capdana-store.com\/wp-content\/uploads\/2025\/07\/IMG-20250715-WA0288-1536x2048.jpg 1536w, https:\/\/capdana-store.com\/wp-content\/uploads\/2025\/07\/IMG-20250715-WA0288-600x800.jpg 600w, https:\/\/capdana-store.com\/wp-content\/uploads\/2025\/07\/IMG-20250715-WA0288-scaled.jpg 1920w\" sizes=\"auto, (max-width: 768px) 100vw, 768px\" \/><\/figure>\n<\/div>\n\n\n\n<div class=\"wp-block-column verticale-centre is-layout-flow wp-block-column-is-layout-flow\">\n<p class=\"has-fira-code-font-family has-x-large-font-size\"><strong>\u0639\u0644\u0627\u0634 Capdana \u061f<\/strong><\/p>\n\n\n\n<p>\u062e\u0627\u0637\u0631 \u0627\u0644\u0634\u0645\u0633 \u062a\u062d\u0631\u0642\u060c \u0628\u0635\u062d \u0627\u0644\u0633\u062a\u0627\u064a\u0644 \u0644\u0627\u0632\u0645.<br>\u0644\u0633\u0627\u0646 \u0645\u0639 \u0642\u0645\u0627\u0634 \u062e\u0641\u064a\u0641 = \u0641\u064a\u0628 \u062c\u062f\u064a\u062f\u0629\u060c \u0648 \u0639\u0642\u0644\u064a\u0629 \u062c\u062f\u064a\u062f\u0629.<\/p>\n<\/div>\n<\/div>","protected":false},"excerpt":{"rendered":"<p>Pas juste une casquette Un style. Une vibe qui te ressemble.Pens\u00e9 pour ceux qui savent se d\u00e9marquer. Comment attacher Capdana: Votre navigateur ne supporte pas la vid\u00e9o. Capdana ? Un accessoire unique entre bandana et casquette, avec le look d\u00e9contract\u00e9 d\u2019un tissu l\u00e9geret l\u2019utilit\u00e9 d\u2019une visi\u00e8re styl\u00e9e. Qui nous sommes Nous cr\u00e9ons des accessoires innovants [&hellip;]<\/p>","protected":false},"author":1,"featured_media":0,"parent":0,"menu_order":0,"comment_status":"closed","ping_status":"closed","template":"page-no-title","meta":{"pagelayer_contact_templates":[],"_pagelayer_content":"","footnotes":""},"class_list":["post-92","page","type-page","status-publish","hentry"],"_links":{"self":[{"href":"https:\/\/capdana-store.com\/ar\/wp-json\/wp\/v2\/pages\/92","targetHints":{"allow":["GET"]}}],"collection":[{"href":"https:\/\/capdana-store.com\/ar\/wp-json\/wp\/v2\/pages"}],"about":[{"href":"https:\/\/capdana-store.com\/ar\/wp-json\/wp\/v2\/types\/page"}],"author":[{"embeddable":true,"href":"https:\/\/capdana-store.com\/ar\/wp-json\/wp\/v2\/users\/1"}],"replies":[{"embeddable":true,"href":"https:\/\/capdana-store.com\/ar\/wp-json\/wp\/v2\/comments?post=92"}],"version-history":[{"count":112,"href":"https:\/\/capdana-store.com\/ar\/wp-json\/wp\/v2\/pages\/92\/revisions"}],"predecessor-version":[{"id":820,"href":"https:\/\/capdana-store.com\/ar\/wp-json\/wp\/v2\/pages\/92\/revisions\/820"}],"wp:attachment":[{"href":"https:\/\/capdana-store.com\/ar\/wp-json\/wp\/v2\/media?parent=92"}],"curies":[{"name":"wp","href":"https:\/\/api.w.org\/{rel}","templated":true}]}}